{"id":1278,"date":"2022-06-04T14:36:13","date_gmt":"2022-06-04T12:36:13","guid":{"rendered":"https:\/\/albatroszkemping.hu\/?page_id=1278"},"modified":"2025-12-11T12:31:43","modified_gmt":"2025-12-11T11:31:43","slug":"araink","status":"publish","type":"page","link":"https:\/\/albatroszkemping.hu\/en\/araink\/","title":{"rendered":"2026-os \u00e1raink"},"content":{"rendered":"<div data-elementor-type=\"wp-page\" data-elementor-id=\"1278\" class=\"elementor elementor-1278\" data-elementor-post-type=\"page\">\n\t\t\t\t\t\t<section data-particle_enable=\"false\" data-particle-mobile-disabled=\"false\" class=\"elementor-section elementor-top-section elementor-element elementor-element-3828244 elementor-section-boxed elementor-section-height-default elementor-section-height-default\" data-id=\"3828244\" data-element_type=\"section\" data-e-type=\"section\">\n\t\t\t\t\t\t<div class=\"elementor-container elementor-column-gap-default\">\n\t\t\t\t\t<div class=\"elementor-column elementor-col-100 elementor-top-column elementor-element elementor-element-38c0928\" data-id=\"38c0928\" data-element_type=\"column\" data-e-type=\"column\">\n\t\t\t<div class=\"elementor-widget-wrap elementor-element-populated\">\n\t\t\t\t\t\t<div class=\"elementor-element elementor-element-81776da elementor-widget elementor-widget-heading\" data-id=\"81776da\" data-element_type=\"widget\" data-e-type=\"widget\" data-widget_type=\"heading.default\">\n\t\t\t\t<div class=\"elementor-widget-container\">\n\t\t\t\t\t<h1 class=\"elementor-heading-title elementor-size-default\">Komfortos sz\u00e1ll\u00e1sok<\/h1>\t\t\t\t<\/div>\n\t\t\t\t<\/div>\n\t\t\t\t<div class=\"elementor-element elementor-element-53fb29e elementor-widget elementor-widget-text-editor\" data-id=\"53fb29e\" data-element_type=\"widget\" data-e-type=\"widget\" data-widget_type=\"text-editor.default\">\n\t\t\t\t<div class=\"elementor-widget-container\">\n\t\t\t\t\t\t\t\t\t<div id=\"footable_parent_1454\"\n         class=\"footable_parent ninja_table_wrapper loading_ninja_table wp_table_data_press_parent semantic_ui\">\n                <table data-ninja_table_instance=\"ninja_table_instance_0\" data-footable_id=\"1454\" data-filter-delay=\"1000\" aria-label=\"2026-as komfortos sz\u00e1ll\u00e1sok\"            id=\"footable_1454\"\n           data-unique_identifier=\"ninja_table_unique_id_1667331577_1454\"\n           class=\"foo-table ninja_footable foo_table_1454 ninja_table_unique_id_1667331577_1454 ui table  nt_type_ajax_table selectable vertical_centered  footable-paging-right ninja_table_search_disabled\">\n                <colgroup>\n                            <col class=\"ninja_column_0\">\n                            <col class=\"ninja_column_1\">\n                            <col class=\"ninja_column_2\">\n                            <col class=\"ninja_column_3\">\n                            <col class=\"ninja_column_4 xs sm md lg\">\n                    <\/colgroup>\n            <\/table>\n    \n    \n    \n<\/div>\n\t\t\t\t\t\t\t\t<\/div>\n\t\t\t\t<\/div>\n\t\t\t\t<div class=\"elementor-element elementor-element-1d7b19d elementor-widget elementor-widget-heading\" data-id=\"1d7b19d\" data-element_type=\"widget\" data-e-type=\"widget\" data-widget_type=\"heading.default\">\n\t\t\t\t<div class=\"elementor-widget-container\">\n\t\t\t\t\t<h1 class=\"elementor-heading-title elementor-size-default\">Komfort n\u00e9lk\u00fcli sz\u00e1ll\u00e1sok<\/h1>\t\t\t\t<\/div>\n\t\t\t\t<\/div>\n\t\t\t\t<div class=\"elementor-element elementor-element-00c5d63 elementor-widget elementor-widget-text-editor\" data-id=\"00c5d63\" data-element_type=\"widget\" data-e-type=\"widget\" data-widget_type=\"text-editor.default\">\n\t\t\t\t<div class=\"elementor-widget-container\">\n\t\t\t\t\t\t\t\t\t<div id=\"footable_parent_1461\"\n         class=\"footable_parent ninja_table_wrapper loading_ninja_table wp_table_data_press_parent semantic_ui\">\n                <table data-ninja_table_instance=\"ninja_table_instance_1\" data-footable_id=\"1461\" data-filter-delay=\"1000\" aria-label=\"2023-as komfort n\u00e9lk\u00fcli\"            id=\"footable_1461\"\n           data-unique_identifier=\"ninja_table_unique_id_2004253915_1461\"\n           class=\"foo-table ninja_footable foo_table_1461 ninja_table_unique_id_2004253915_1461 ui table  nt_type_ajax_table selectable vertical_centered  footable-paging-right ninja_table_search_disabled\">\n                <colgroup>\n                            <col class=\"ninja_column_0\">\n                            <col class=\"ninja_column_1\">\n                            <col class=\"ninja_column_2\">\n                            <col class=\"ninja_column_3\">\n                            <col class=\"ninja_column_4 xs sm md lg\">\n                    <\/colgroup>\n            <\/table>\n    \n    \n    \n<\/div>\n\t\t\t\t\t\t\t\t<\/div>\n\t\t\t\t<\/div>\n\t\t\t\t<div class=\"elementor-element elementor-element-ef163c0 elementor-widget elementor-widget-heading\" data-id=\"ef163c0\" data-element_type=\"widget\" data-e-type=\"widget\" data-widget_type=\"heading.default\">\n\t\t\t\t<div class=\"elementor-widget-container\">\n\t\t\t\t\t<h1 class=\"elementor-heading-title elementor-size-default\">TIPP: A sor elej\u00e9n tal\u00e1lhat\u00f3 + jelre kattintva az adott sz\u00e1ll\u00e1st\u00edpusr\u00f3l olvashatsz egy r\u00f6vid ismertet\u0151t. A sz\u00e1ll\u00e1sokr\u00f3l tov\u00e1bbi r\u00e9szleteket \u00e9s k\u00e9peket a \"Sz\u00e1ll\u00e1saink\" oldalon tal\u00e1lsz.<\/h1>\t\t\t\t<\/div>\n\t\t\t\t<\/div>\n\t\t\t\t<div class=\"elementor-element elementor-element-5ddd963 elementor-widget elementor-widget-heading\" data-id=\"5ddd963\" data-element_type=\"widget\" data-e-type=\"widget\" data-widget_type=\"heading.default\">\n\t\t\t\t<div class=\"elementor-widget-container\">\n\t\t\t\t\t<h1 class=\"elementor-heading-title elementor-size-default\">H\u00e9tk\u00f6znapi \u00e1raink a vas\u00e1rnapi, h\u00e9tf\u0151i, keddi, szerdai \u00e9s cs\u00fct\u00f6rt\u00f6ki \u00e9jszak\u00e1kra t\u00f6rt\u00e9n\u0151 foglal\u00e1s eset\u00e9n \u00e9rtend\u0151ek<br>H\u00e9tv\u00e9gi \u00e1raink a p\u00e9nteki \u00e9s szombati \u00e9jszak\u00e1kra t\u00f6rt\u00e9n\u0151 foglal\u00e1s eset\u00e9n \u00e9rtend\u0151ek<br>Az itt l\u00e1that\u00f3 sz\u00e1ll\u00e1sd\u00edjak NEM TARTALMAZZ\u00c1K AZ IDEGENFORGALMI AD\u00d3T. (A 18 \u00e9ven fel\u00fcli vend\u00e9geink tov\u00e1bbi 500Ft\/f\u0151\/\u00e9j fizetend\u0151.)<\/h1>\t\t\t\t<\/div>\n\t\t\t\t<\/div>\n\t\t\t\t<div class=\"elementor-element elementor-element-0224b40 elementor-widget elementor-widget-heading\" data-id=\"0224b40\" data-element_type=\"widget\" data-e-type=\"widget\" data-widget_type=\"heading.default\">\n\t\t\t\t<div class=\"elementor-widget-container\">\n\t\t\t\t\t<h1 class=\"elementor-heading-title elementor-size-default\"><b>A kiemelt id\u0151szakok <u>v\u00e1rhat\u00f3<\/u> id\u0151pontjai:<\/b><br>J\u00falius 09.-11. (Tisza-t\u00f3 Feszt) <b>|<\/b> Augusztus 13.- 15. (Dj Tour Fest) <b>|<\/b> Augusztus 20. - 22.<br>Fontos info: kiemelt id\u0151szakokban <b>mininum 2 \u00e9jszak\u00e1ra foglalhat\u00f3k le sz\u00e1ll\u00e1saink.<\/b><\/h1>\t\t\t\t<\/div>\n\t\t\t\t<\/div>\n\t\t\t\t<div class=\"elementor-element elementor-element-90ae33d elementor-widget elementor-widget-heading\" data-id=\"90ae33d\" data-element_type=\"widget\" data-e-type=\"widget\" data-widget_type=\"heading.default\">\n\t\t\t\t<div class=\"elementor-widget-container\">\n\t\t\t\t\t<h1 class=\"elementor-heading-title elementor-size-default\">Lak\u00f3kocsival<br>Lak\u00f3busszal \u00e9rkez\u0151k d\u00edja<\/h1>\t\t\t\t<\/div>\n\t\t\t\t<\/div>\n\t\t\t\t<section data-particle_enable=\"false\" data-particle-mobile-disabled=\"false\" class=\"elementor-section elementor-inner-section elementor-element elementor-element-21120d2 elementor-section-boxed elementor-section-height-default elementor-section-height-default\" data-id=\"21120d2\" data-element_type=\"section\" data-e-type=\"section\">\n\t\t\t\t\t\t<div class=\"elementor-container elementor-column-gap-default\">\n\t\t\t\t\t<div class=\"elementor-column elementor-col-50 elementor-inner-column elementor-element elementor-element-7f3b8b2\" data-id=\"7f3b8b2\" data-element_type=\"column\" data-e-type=\"column\">\n\t\t\t<div class=\"elementor-widget-wrap elementor-element-populated\">\n\t\t\t\t\t\t<div class=\"elementor-element elementor-element-9638f75 elementor-widget elementor-widget-heading\" data-id=\"9638f75\" data-element_type=\"widget\" data-e-type=\"widget\" data-widget_type=\"heading.default\">\n\t\t\t\t<div class=\"elementor-widget-container\">\n\t\t\t\t\t<h1 class=\"elementor-heading-title elementor-size-default\">Ter\u00fcletd\u00edj<\/h1>\t\t\t\t<\/div>\n\t\t\t\t<\/div>\n\t\t\t\t<div class=\"elementor-element elementor-element-a2b25a4 elementor-widget elementor-widget-text-editor\" data-id=\"a2b25a4\" data-element_type=\"widget\" data-e-type=\"widget\" data-widget_type=\"text-editor.default\">\n\t\t\t\t<div class=\"elementor-widget-container\">\n\t\t\t\t\t\t\t\t\t<div id=\"footable_parent_1324\"\n         class=\"footable_parent ninja_table_wrapper loading_ninja_table wp_table_data_press_parent semantic_ui\">\n                <table data-ninja_table_instance=\"ninja_table_instance_2\" data-footable_id=\"1324\" data-filter-delay=\"1000\" aria-label=\"2022-es lak\u00f3kocsis ter\u00fcletd\u00edj\"            id=\"footable_1324\"\n           data-unique_identifier=\"ninja_table_unique_id_1643667070_1324\"\n           class=\"foo-table ninja_footable foo_table_1324 ninja_table_unique_id_1643667070_1324 ui table  nt_type_ajax_table selectable vertical_centered  footable-paging-right ninja_table_search_disabled\">\n                <colgroup>\n                            <col class=\"ninja_column_0\">\n                            <col class=\"ninja_column_1\">\n                    <\/colgroup>\n            <\/table>\n    \n    \n    \n<\/div>\n\t\t\t\t\t\t\t\t<\/div>\n\t\t\t\t<\/div>\n\t\t\t\t\t<\/div>\n\t\t<\/div>\n\t\t\t\t<div class=\"elementor-column elementor-col-50 elementor-inner-column elementor-element elementor-element-b50e6fd\" data-id=\"b50e6fd\" data-element_type=\"column\" data-e-type=\"column\">\n\t\t\t<div class=\"elementor-widget-wrap elementor-element-populated\">\n\t\t\t\t\t\t<div class=\"elementor-element elementor-element-9ee1e25 elementor-widget elementor-widget-heading\" data-id=\"9ee1e25\" data-element_type=\"widget\" data-e-type=\"widget\" data-widget_type=\"heading.default\">\n\t\t\t\t<div class=\"elementor-widget-container\">\n\t\t\t\t\t<h1 class=\"elementor-heading-title elementor-size-default\">Szem\u00e9lyid\u00edj<\/h1>\t\t\t\t<\/div>\n\t\t\t\t<\/div>\n\t\t\t\t<div class=\"elementor-element elementor-element-b446bc2 elementor-widget elementor-widget-text-editor\" data-id=\"b446bc2\" data-element_type=\"widget\" data-e-type=\"widget\" data-widget_type=\"text-editor.default\">\n\t\t\t\t<div class=\"elementor-widget-container\">\n\t\t\t\t\t\t\t\t\t<div id=\"footable_parent_1325\"\n         class=\"footable_parent ninja_table_wrapper loading_ninja_table wp_table_data_press_parent semantic_ui\">\n                <table data-ninja_table_instance=\"ninja_table_instance_3\" data-footable_id=\"1325\" data-filter-delay=\"1000\" aria-label=\"2022-es lak\u00f3kocsis szem\u00e9lyid\u00edj\"            id=\"footable_1325\"\n           data-unique_identifier=\"ninja_table_unique_id_96121126_1325\"\n           class=\"foo-table ninja_footable foo_table_1325 ninja_table_unique_id_96121126_1325 ui table  nt_type_ajax_table selectable vertical_centered  footable-paging-right ninja_table_search_disabled\">\n                <colgroup>\n                            <col class=\"ninja_column_0\">\n                            <col class=\"ninja_column_1\">\n                    <\/colgroup>\n            <\/table>\n    \n    \n    \n<\/div>\n\t\t\t\t\t\t\t\t<\/div>\n\t\t\t\t<\/div>\n\t\t\t\t<div class=\"elementor-element elementor-element-e7e0187 elementor-widget elementor-widget-heading\" data-id=\"e7e0187\" data-element_type=\"widget\" data-e-type=\"widget\" data-widget_type=\"heading.default\">\n\t\t\t\t<div class=\"elementor-widget-container\">\n\t\t\t\t\t<h1 class=\"elementor-heading-title elementor-size-default\">D\u00edjsz\u00e1m\u00edt\u00e1s menete: Ter\u00fcletd\u00edj + Szem\u00e9lyid\u00edj + IFA<\/h1>\t\t\t\t<\/div>\n\t\t\t\t<\/div>\n\t\t\t\t<div class=\"elementor-element elementor-element-495a528 elementor-widget elementor-widget-heading\" data-id=\"495a528\" data-element_type=\"widget\" data-e-type=\"widget\" data-widget_type=\"heading.default\">\n\t\t\t\t<div class=\"elementor-widget-container\">\n\t\t\t\t\t<h1 class=\"elementor-heading-title elementor-size-default\"><a href=\"https:\/\/albatroszkemping.hu\/en\/terulet-berleti-dij-lakokocsik-eseten\/\">Tart\u00f3s ter\u00fcletb\u00e9rl\u00e9s r\u00e9szletei<\/a><\/h1>\t\t\t\t<\/div>\n\t\t\t\t<\/div>\n\t\t\t\t\t<\/div>\n\t\t<\/div>\n\t\t\t\t\t<\/div>\n\t\t<\/section>\n\t\t\t\t<div class=\"elementor-element elementor-element-ce6926d elementor-widget elementor-widget-heading\" data-id=\"ce6926d\" data-element_type=\"widget\" data-e-type=\"widget\" data-widget_type=\"heading.default\">\n\t\t\t\t<div class=\"elementor-widget-container\">\n\t\t\t\t\t<h1 class=\"elementor-heading-title elementor-size-default\">Egy\u00e9b d\u00edjak<\/h1>\t\t\t\t<\/div>\n\t\t\t\t<\/div>\n\t\t\t\t<div class=\"elementor-element elementor-element-a2910d3 elementor-widget elementor-widget-text-editor\" data-id=\"a2910d3\" data-element_type=\"widget\" data-e-type=\"widget\" data-widget_type=\"text-editor.default\">\n\t\t\t\t<div class=\"elementor-widget-container\">\n\t\t\t\t\t\t\t\t\t<div id=\"footable_parent_1338\"\n         class=\"footable_parent ninja_table_wrapper loading_ninja_table wp_table_data_press_parent semantic_ui\">\n                <table data-ninja_table_instance=\"ninja_table_instance_4\" data-footable_id=\"1338\" data-filter-delay=\"1000\" aria-label=\"2022-es lak\u00f3kocsis szem\u00e9lyid\u00edj( Duplicate )\"            id=\"footable_1338\"\n           data-unique_identifier=\"ninja_table_unique_id_88308064_1338\"\n           class=\"foo-table ninja_footable foo_table_1338 ninja_table_unique_id_88308064_1338 ui table  nt_type_ajax_table selectable vertical_centered  footable-paging-right ninja_table_search_disabled\">\n                <colgroup>\n                            <col class=\"ninja_column_0\">\n                            <col class=\"ninja_column_1\">\n                            <col class=\"ninja_column_2\">\n                    <\/colgroup>\n            <\/table>\n    \n    \n    \n<\/div>\n\t\t\t\t\t\t\t\t<\/div>\n\t\t\t\t<\/div>\n\t\t\t\t\t<\/div>\n\t\t<\/div>\n\t\t\t\t\t<\/div>\n\t\t<\/section>\n\t\t\t\t<\/div>","protected":false},"excerpt":{"rendered":"<p>Komfortos sz\u00e1ll\u00e1sok Komfort n\u00e9lk\u00fcli sz\u00e1ll\u00e1sok TIPP: A sor elej\u00e9n tal\u00e1lhat\u00f3 + jelre kattintva az adott sz\u00e1ll\u00e1st\u00edpusr\u00f3l olvashatsz egy r\u00f6vid ismertet\u0151t. A sz\u00e1ll\u00e1sokr\u00f3l tov\u00e1bbi r\u00e9szleteket \u00e9s k\u00e9peket a &#8222;Sz\u00e1ll\u00e1saink&#8221; oldalon tal\u00e1lsz. H\u00e9tk\u00f6znapi \u00e1raink a vas\u00e1rnapi, h\u00e9tf\u0151i, keddi, szerdai \u00e9s cs\u00fct\u00f6rt\u00f6ki \u00e9jszak\u00e1kra t\u00f6rt\u00e9n\u0151 foglal\u00e1s eset\u00e9n \u00e9rtend\u0151ekH\u00e9tv\u00e9gi \u00e1raink a p\u00e9nteki \u00e9s szombati \u00e9jszak\u00e1kra t\u00f6rt\u00e9n\u0151 foglal\u00e1s eset\u00e9n \u00e9rtend\u0151ekAz itt [&hellip;]<\/p>","protected":false},"author":1,"featured_media":0,"parent":0,"menu_order":0,"comment_status":"closed","ping_status":"closed","template":"elementor_header_footer","meta":{"om_disable_all_campaigns":false,"footnotes":""},"class_list":["post-1278","page","type-page","status-publish","hentry","entry"],"_links":{"self":[{"href":"https:\/\/albatroszkemping.hu\/en\/wp-json\/wp\/v2\/pages\/1278","targetHints":{"allow":["GET"]}}],"collection":[{"href":"https:\/\/albatroszkemping.hu\/en\/wp-json\/wp\/v2\/pages"}],"about":[{"href":"https:\/\/albatroszkemping.hu\/en\/wp-json\/wp\/v2\/types\/page"}],"author":[{"embeddable":true,"href":"https:\/\/albatroszkemping.hu\/en\/wp-json\/wp\/v2\/users\/1"}],"replies":[{"embeddable":true,"href":"https:\/\/albatroszkemping.hu\/en\/wp-json\/wp\/v2\/comments?post=1278"}],"version-history":[{"count":105,"href":"https:\/\/albatroszkemping.hu\/en\/wp-json\/wp\/v2\/pages\/1278\/revisions"}],"predecessor-version":[{"id":3483,"href":"https:\/\/albatroszkemping.hu\/en\/wp-json\/wp\/v2\/pages\/1278\/revisions\/3483"}],"wp:attachment":[{"href":"https:\/\/albatroszkemping.hu\/en\/wp-json\/wp\/v2\/media?parent=1278"}],"curies":[{"name":"wp","href":"https:\/\/api.w.org\/{rel}","templated":true}]}}