{"id":1376,"date":"2022-06-20T08:08:23","date_gmt":"2022-06-20T06:08:23","guid":{"rendered":"https:\/\/albatroszkemping.hu\/?page_id=1376"},"modified":"2022-06-20T08:12:33","modified_gmt":"2022-06-20T06:12:33","slug":"akcios-szallasajanlataink","status":"publish","type":"page","link":"https:\/\/albatroszkemping.hu\/en\/akcios-szallasajanlataink\/","title":{"rendered":"Akci\u00f3s sz\u00e1ll\u00e1saj\u00e1nlataink"},"content":{"rendered":"<div data-elementor-type=\"wp-page\" data-elementor-id=\"1376\" class=\"elementor elementor-1376\" data-elementor-post-type=\"page\">\n\t\t\t\t\t\t<section data-particle_enable=\"false\" data-particle-mobile-disabled=\"false\" class=\"elementor-section elementor-top-section elementor-element elementor-element-b2ce2c7 elementor-section-boxed elementor-section-height-default elementor-section-height-default\" data-id=\"b2ce2c7\" data-element_type=\"section\" data-e-type=\"section\">\n\t\t\t\t\t\t<div class=\"elementor-container elementor-column-gap-default\">\n\t\t\t\t\t<div class=\"elementor-column elementor-col-100 elementor-top-column elementor-element elementor-element-04dcdd2\" data-id=\"04dcdd2\" data-element_type=\"column\" data-e-type=\"column\">\n\t\t\t<div class=\"elementor-widget-wrap elementor-element-populated\">\n\t\t\t\t\t\t<div class=\"elementor-element elementor-element-235c0d7 elementor-widget elementor-widget-heading\" data-id=\"235c0d7\" data-element_type=\"widget\" data-e-type=\"widget\" data-widget_type=\"heading.default\">\n\t\t\t\t<div class=\"elementor-widget-container\">\n\t\t\t\t\t<h1 class=\"elementor-heading-title elementor-size-default\">Akci\u00f3s sz\u00e1ll\u00e1saj\u00e1nlataink<\/h1>\t\t\t\t<\/div>\n\t\t\t\t<\/div>\n\t\t\t\t\t<\/div>\n\t\t<\/div>\n\t\t\t\t\t<\/div>\n\t\t<\/section>\n\t\t\t\t<section data-particle_enable=\"false\" data-particle-mobile-disabled=\"false\" class=\"elementor-section elementor-top-section elementor-element elementor-element-027fa97 elementor-section-boxed elementor-section-height-default elementor-section-height-default\" data-id=\"027fa97\" data-element_type=\"section\" data-e-type=\"section\">\n\t\t\t\t\t\t<div class=\"elementor-container elementor-column-gap-default\">\n\t\t\t\t\t<div class=\"elementor-column elementor-col-100 elementor-top-column elementor-element elementor-element-a3ee810\" data-id=\"a3ee810\" data-element_type=\"column\" data-e-type=\"column\">\n\t\t\t<div class=\"elementor-widget-wrap elementor-element-populated\">\n\t\t\t\t\t\t<div class=\"elementor-element elementor-element-a977546 elementor-widget elementor-widget-heading\" data-id=\"a977546\" data-element_type=\"widget\" data-e-type=\"widget\" data-widget_type=\"heading.default\">\n\t\t\t\t<div class=\"elementor-widget-container\">\n\t\t\t\t\t<h1 class=\"elementor-heading-title elementor-size-default\">Aj\u00e1nlataink felt\u00f6lt\u00e9se folyamatban...<\/h1>\t\t\t\t<\/div>\n\t\t\t\t<\/div>\n\t\t\t\t\t<\/div>\n\t\t<\/div>\n\t\t\t\t\t<\/div>\n\t\t<\/section>\n\t\t\t\t<\/div>","protected":false},"excerpt":{"rendered":"<p>Akci\u00f3s sz\u00e1ll\u00e1saj\u00e1nlataink Aj\u00e1nlataink felt\u00f6lt\u00e9se folyamatban&#8230;<\/p>","protected":false},"author":1,"featured_media":0,"parent":0,"menu_order":0,"comment_status":"closed","ping_status":"closed","template":"elementor_header_footer","meta":{"om_disable_all_campaigns":false,"footnotes":""},"class_list":["post-1376","page","type-page","status-publish","hentry","entry"],"_links":{"self":[{"href":"https:\/\/albatroszkemping.hu\/en\/wp-json\/wp\/v2\/pages\/1376","targetHints":{"allow":["GET"]}}],"collection":[{"href":"https:\/\/albatroszkemping.hu\/en\/wp-json\/wp\/v2\/pages"}],"about":[{"href":"https:\/\/albatroszkemping.hu\/en\/wp-json\/wp\/v2\/types\/page"}],"author":[{"embeddable":true,"href":"https:\/\/albatroszkemping.hu\/en\/wp-json\/wp\/v2\/users\/1"}],"replies":[{"embeddable":true,"href":"https:\/\/albatroszkemping.hu\/en\/wp-json\/wp\/v2\/comments?post=1376"}],"version-history":[{"count":4,"href":"https:\/\/albatroszkemping.hu\/en\/wp-json\/wp\/v2\/pages\/1376\/revisions"}],"predecessor-version":[{"id":1381,"href":"https:\/\/albatroszkemping.hu\/en\/wp-json\/wp\/v2\/pages\/1376\/revisions\/1381"}],"wp:attachment":[{"href":"https:\/\/albatroszkemping.hu\/en\/wp-json\/wp\/v2\/media?parent=1376"}],"curies":[{"name":"wp","href":"https:\/\/api.w.org\/{rel}","templated":true}]}}