{"id":2320,"date":"2023-03-03T15:19:47","date_gmt":"2023-03-03T14:19:47","guid":{"rendered":"https:\/\/albatroszkemping.hu\/?page_id=2320"},"modified":"2023-03-03T17:08:13","modified_gmt":"2023-03-03T16:08:13","slug":"foglalas-2023","status":"publish","type":"page","link":"https:\/\/albatroszkemping.hu\/en\/foglalas-2023\/","title":{"rendered":"Foglal\u00e1s-2023"},"content":{"rendered":"<div data-elementor-type=\"wp-page\" data-elementor-id=\"2320\" class=\"elementor elementor-2320\" data-elementor-post-type=\"page\">\n\t\t\t\t<div data-particle_enable=\"false\" data-particle-mobile-disabled=\"false\" class=\"elementor-element elementor-element-a0f3d3f e-flex e-con-boxed e-con e-parent\" data-id=\"a0f3d3f\" data-element_type=\"container\" data-e-type=\"container\">\n\t\t\t\t\t<div class=\"e-con-inner\">\n\t\t\t\t<div class=\"elementor-element elementor-element-a1e46f6 elementor-widget elementor-widget-spacer\" data-id=\"a1e46f6\" data-element_type=\"widget\" data-e-type=\"widget\" data-widget_type=\"spacer.default\">\n\t\t\t\t<div class=\"elementor-widget-container\">\n\t\t\t\t\t\t\t<div class=\"elementor-spacer\">\n\t\t\t<div class=\"elementor-spacer-inner\"><\/div>\n\t\t<\/div>\n\t\t\t\t\t\t<\/div>\n\t\t\t\t<\/div>\n\t\t\t\t\t<\/div>\n\t\t\t\t<\/div>\n\t\t<div data-particle_enable=\"false\" data-particle-mobile-disabled=\"false\" class=\"elementor-element elementor-element-a45571b e-flex e-con-boxed e-con e-parent\" data-id=\"a45571b\" data-element_type=\"container\" data-e-type=\"container\">\n\t\t\t\t\t<div class=\"e-con-inner\">\n\t\t<div data-particle_enable=\"false\" data-particle-mobile-disabled=\"false\" class=\"elementor-element elementor-element-6d73591 e-con-full e-flex e-con e-parent\" data-id=\"6d73591\" data-element_type=\"container\" data-e-type=\"container\">\n\t\t\t\t<div class=\"elementor-element elementor-element-e3f9f54 elementor-widget elementor-widget-heading\" data-id=\"e3f9f54\" data-element_type=\"widget\" data-e-type=\"widget\" data-widget_type=\"heading.default\">\n\t\t\t\t<div class=\"elementor-widget-container\">\n\t\t\t\t\t<h2 class=\"elementor-heading-title elementor-size-default\">Foglal\u00e1s menete\n<\/h2>\t\t\t\t<\/div>\n\t\t\t\t<\/div>\n\t\t\t\t<div class=\"elementor-element elementor-element-c2bc1d3 elementor-widget elementor-widget-heading\" data-id=\"c2bc1d3\" data-element_type=\"widget\" data-e-type=\"widget\" data-widget_type=\"heading.default\">\n\t\t\t\t<div class=\"elementor-widget-container\">\n\t\t\t\t\t<h2 class=\"elementor-heading-title elementor-size-default\">A sz\u00fcks\u00e9ges adatokkal kit\u00f6ltve elk\u00fcld\u00f6d az \u0171rlapot.<\/h2>\t\t\t\t<\/div>\n\t\t\t\t<\/div>\n\t\t\t\t<div class=\"elementor-element elementor-element-7f9f57c elementor-view-default elementor-widget elementor-widget-icon\" data-id=\"7f9f57c\" data-element_type=\"widget\" data-e-type=\"widget\" data-widget_type=\"icon.default\">\n\t\t\t\t<div class=\"elementor-widget-container\">\n\t\t\t\t\t\t\t<div class=\"elementor-icon-wrapper\">\n\t\t\t<div class=\"elementor-icon\">\n\t\t\t<i aria-hidden=\"true\" class=\"fas fa-angle-down\"><\/i>\t\t\t<\/div>\n\t\t<\/div>\n\t\t\t\t\t\t<\/div>\n\t\t\t\t<\/div>\n\t\t\t\t<div class=\"elementor-element elementor-element-a422bae elementor-widget elementor-widget-heading\" data-id=\"a422bae\" data-element_type=\"widget\" data-e-type=\"widget\" data-widget_type=\"heading.default\">\n\t\t\t\t<div class=\"elementor-widget-container\">\n\t\t\t\t\t<h2 class=\"elementor-heading-title elementor-size-default\">Elk\u00e9sz\u00edtj\u00fck sz\u00e1modra az egyedi \u00e1raj\u00e1nlatunkat az \u0171rlapon megadott adatok alapj\u00e1n.\nJellemz\u0151 v\u00e1laszid\u0151 1 munkanap. (Mozgalmasabb id\u0151szakban el\u0151fordulhat, hogy +1 napot vesz ig\u00e9nybe, mire v\u00e1laszolunk.)<\/h2>\t\t\t\t<\/div>\n\t\t\t\t<\/div>\n\t\t\t\t<div class=\"elementor-element elementor-element-3d42d20 elementor-view-default elementor-widget elementor-widget-icon\" data-id=\"3d42d20\" data-element_type=\"widget\" data-e-type=\"widget\" data-widget_type=\"icon.default\">\n\t\t\t\t<div class=\"elementor-widget-container\">\n\t\t\t\t\t\t\t<div class=\"elementor-icon-wrapper\">\n\t\t\t<div class=\"elementor-icon\">\n\t\t\t<i aria-hidden=\"true\" class=\"fas fa-angle-down\"><\/i>\t\t\t<\/div>\n\t\t<\/div>\n\t\t\t\t\t\t<\/div>\n\t\t\t\t<\/div>\n\t\t\t\t<div class=\"elementor-element elementor-element-33892d4 elementor-widget elementor-widget-heading\" data-id=\"33892d4\" data-element_type=\"widget\" data-e-type=\"widget\" data-widget_type=\"heading.default\">\n\t\t\t\t<div class=\"elementor-widget-container\">\n\t\t\t\t\t<h2 class=\"elementor-heading-title elementor-size-default\">\u00c1raj\u00e1nlatunk tartalmazni fogja:<br>\u2013 A k\u00e9rt sz\u00e1ll\u00e1st\u00edpus(ok)b\u00f3l a megjel\u00f6lt id\u0151szakra van szabad egys\u00e9g, vagy nincs. Ha nincs a kiv\u00e1lasztott t\u00edpusb\u00f3l, akkor t\u00e1j\u00e9koztatunk a rendelkez\u00e9sre \u00e1ll\u00f3 lehet\u0151s\u00e9gekr\u0151l.<br>\u2013 Megadott adataid alapj\u00e1n meg\u00edrjuk a v\u00e1rhat\u00f3 sz\u00e1ll\u00e1sd\u00edjat.<\/h2>\t\t\t\t<\/div>\n\t\t\t\t<\/div>\n\t\t\t\t<div class=\"elementor-element elementor-element-ae1ef04 elementor-view-default elementor-widget elementor-widget-icon\" data-id=\"ae1ef04\" data-element_type=\"widget\" data-e-type=\"widget\" data-widget_type=\"icon.default\">\n\t\t\t\t<div class=\"elementor-widget-container\">\n\t\t\t\t\t\t\t<div class=\"elementor-icon-wrapper\">\n\t\t\t<div class=\"elementor-icon\">\n\t\t\t<i aria-hidden=\"true\" class=\"fas fa-angle-down\"><\/i>\t\t\t<\/div>\n\t\t<\/div>\n\t\t\t\t\t\t<\/div>\n\t\t\t\t<\/div>\n\t\t\t\t<div class=\"elementor-element elementor-element-aeb0524 elementor-widget elementor-widget-heading\" data-id=\"aeb0524\" data-element_type=\"widget\" data-e-type=\"widget\" data-widget_type=\"heading.default\">\n\t\t\t\t<div class=\"elementor-widget-container\">\n\t\t\t\t\t<h2 class=\"elementor-heading-title elementor-size-default\">Ha aj\u00e1nlatunkat elfogadod, az \u00e1raj\u00e1nlatban (\u00e9s a honlapunk \u201eimpresszum\u201d oldal\u00e1n is) megtal\u00e1lhat\u00f3 indorm\u00e1ci\u00f3k alapj\u00e1n tudod a foglal\u00f3t \u00e1tutalni sz\u00e1munkra. A foglal\u00f3 \u00f6sszege jellemz\u0151en a teljes sz\u00e1ll\u00e1sd\u00edj ~20%-a.<\/h2>\t\t\t\t<\/div>\n\t\t\t\t<\/div>\n\t\t\t\t<div class=\"elementor-element elementor-element-850a355 elementor-view-default elementor-widget elementor-widget-icon\" data-id=\"850a355\" data-element_type=\"widget\" data-e-type=\"widget\" data-widget_type=\"icon.default\">\n\t\t\t\t<div class=\"elementor-widget-container\">\n\t\t\t\t\t\t\t<div class=\"elementor-icon-wrapper\">\n\t\t\t<div class=\"elementor-icon\">\n\t\t\t<i aria-hidden=\"true\" class=\"fas fa-angle-down\"><\/i>\t\t\t<\/div>\n\t\t<\/div>\n\t\t\t\t\t\t<\/div>\n\t\t\t\t<\/div>\n\t\t\t\t<div class=\"elementor-element elementor-element-98fac47 elementor-widget elementor-widget-heading\" data-id=\"98fac47\" data-element_type=\"widget\" data-e-type=\"widget\" data-widget_type=\"heading.default\">\n\t\t\t\t<div class=\"elementor-widget-container\">\n\t\t\t\t\t<h2 class=\"elementor-heading-title elementor-size-default\">A foglal\u00f3 be\u00e9rkez\u00e9s\u00e9t k\u00f6vet\u0151en munkat\u00e1rsunk v\u00e9gleges\u00edti foglal\u00e1sodat \u00e9s ki\u00e1ll\u00edtja a foglal\u00f3hoz tartoz\u00f3 sz\u00e1ml\u00e1t. K\u00e9rj\u00fck, email-ben \u00edrd meg a sz\u00e1ml\u00e1z\u00e1shoz sz\u00fcks\u00e9ges adataidat. [N\u00e9v\/C\u00e9gn\u00e9v \u00e9s ad\u00f3sz\u00e1m; C\u00edm]<\/h2>\t\t\t\t<\/div>\n\t\t\t\t<\/div>\n\t\t\t\t<div class=\"elementor-element elementor-element-425a289 elementor-view-default elementor-widget elementor-widget-icon\" data-id=\"425a289\" data-element_type=\"widget\" data-e-type=\"widget\" data-widget_type=\"icon.default\">\n\t\t\t\t<div class=\"elementor-widget-container\">\n\t\t\t\t\t\t\t<div class=\"elementor-icon-wrapper\">\n\t\t\t<div class=\"elementor-icon\">\n\t\t\t<i aria-hidden=\"true\" class=\"fas fa-angle-down\"><\/i>\t\t\t<\/div>\n\t\t<\/div>\n\t\t\t\t\t\t<\/div>\n\t\t\t\t<\/div>\n\t\t\t\t<\/div>\n\t\t<div data-particle_enable=\"false\" data-particle-mobile-disabled=\"false\" class=\"elementor-element elementor-element-ee90d93 e-con-full e-flex e-con e-parent\" data-id=\"ee90d93\" data-element_type=\"container\" data-e-type=\"container\">\n\t\t\t\t<\/div>\n\t\t\t\t\t<\/div>\n\t\t\t\t<\/div>\n\t\t\t\t<\/div>","protected":false},"excerpt":{"rendered":"<p>Foglal\u00e1s menete A sz\u00fcks\u00e9ges adatokkal kit\u00f6ltve elk\u00fcld\u00f6d az \u0171rlapot. Elk\u00e9sz\u00edtj\u00fck sz\u00e1modra az egyedi \u00e1raj\u00e1nlatunkat az \u0171rlapon megadott adatok alapj\u00e1n. Jellemz\u0151 v\u00e1laszid\u0151 1 munkanap. (Mozgalmasabb id\u0151szakban el\u0151fordulhat, hogy +1 napot vesz ig\u00e9nybe, mire v\u00e1laszolunk.) \u00c1raj\u00e1nlatunk tartalmazni fogja:\u2013 A k\u00e9rt sz\u00e1ll\u00e1st\u00edpus(ok)b\u00f3l a megjel\u00f6lt id\u0151szakra van szabad egys\u00e9g, vagy nincs. Ha nincs a kiv\u00e1lasztott t\u00edpusb\u00f3l, akkor t\u00e1j\u00e9koztatunk a [&hellip;]<\/p>","protected":false},"author":1,"featured_media":0,"parent":0,"menu_order":0,"comment_status":"closed","ping_status":"closed","template":"elementor_header_footer","meta":{"om_disable_all_campaigns":false,"footnotes":""},"class_list":["post-2320","page","type-page","status-publish","hentry","entry"],"_links":{"self":[{"href":"https:\/\/albatroszkemping.hu\/en\/wp-json\/wp\/v2\/pages\/2320","targetHints":{"allow":["GET"]}}],"collection":[{"href":"https:\/\/albatroszkemping.hu\/en\/wp-json\/wp\/v2\/pages"}],"about":[{"href":"https:\/\/albatroszkemping.hu\/en\/wp-json\/wp\/v2\/types\/page"}],"author":[{"embeddable":true,"href":"https:\/\/albatroszkemping.hu\/en\/wp-json\/wp\/v2\/users\/1"}],"replies":[{"embeddable":true,"href":"https:\/\/albatroszkemping.hu\/en\/wp-json\/wp\/v2\/comments?post=2320"}],"version-history":[{"count":5,"href":"https:\/\/albatroszkemping.hu\/en\/wp-json\/wp\/v2\/pages\/2320\/revisions"}],"predecessor-version":[{"id":2333,"href":"https:\/\/albatroszkemping.hu\/en\/wp-json\/wp\/v2\/pages\/2320\/revisions\/2333"}],"wp:attachment":[{"href":"https:\/\/albatroszkemping.hu\/en\/wp-json\/wp\/v2\/media?parent=2320"}],"curies":[{"name":"wp","href":"https:\/\/api.w.org\/{rel}","templated":true}]}}