{"id":2734,"date":"2023-05-10T10:42:40","date_gmt":"2023-05-10T08:42:40","guid":{"rendered":"https:\/\/albatroszkemping.hu\/?page_id=2734"},"modified":"2023-05-10T11:09:23","modified_gmt":"2023-05-10T09:09:23","slug":"sikeresen-urlapbekuldes","status":"publish","type":"page","link":"https:\/\/albatroszkemping.hu\/en\/sikeresen-urlapbekuldes\/","title":{"rendered":"Sikeresen elk\u00fcldted az \u0171rlapot"},"content":{"rendered":"<div data-elementor-type=\"wp-page\" data-elementor-id=\"2734\" class=\"elementor elementor-2734\" data-elementor-post-type=\"page\">\n\t\t\t\t<div data-particle_enable=\"false\" data-particle-mobile-disabled=\"false\" class=\"elementor-element elementor-element-9470c7b e-flex e-con-boxed e-con e-parent\" data-id=\"9470c7b\" data-element_type=\"container\" data-e-type=\"container\">\n\t\t\t\t\t<div class=\"e-con-inner\">\n\t\t\t\t<div class=\"elementor-element elementor-element-782f800 elementor-widget elementor-widget-heading\" data-id=\"782f800\" data-element_type=\"widget\" data-e-type=\"widget\" data-widget_type=\"heading.default\">\n\t\t\t\t<div class=\"elementor-widget-container\">\n\t\t\t\t\t<h1 class=\"elementor-heading-title elementor-size-default\">Sikeresen elk\u00fcldted az \u0171rlapot<\/h1>\t\t\t\t<\/div>\n\t\t\t\t<\/div>\n\t\t\t\t<div class=\"elementor-element elementor-element-9a8be5b elementor-widget__width-initial elementor-widget elementor-widget-heading\" data-id=\"9a8be5b\" data-element_type=\"widget\" data-e-type=\"widget\" data-widget_type=\"heading.default\">\n\t\t\t\t<div class=\"elementor-widget-container\">\n\t\t\t\t\t<h1 class=\"elementor-heading-title elementor-size-default\">- Fontos -<br>Az \u0171rlap kit\u00f6lt\u00e9se m\u00e9g nem min\u0151s\u00fcl foglal\u00e1snak.<\/h1>\t\t\t\t<\/div>\n\t\t\t\t<\/div>\n\t\t\t\t<div class=\"elementor-element elementor-element-847e5da elementor-widget elementor-widget-text-editor\" data-id=\"847e5da\" data-element_type=\"widget\" data-e-type=\"widget\" data-widget_type=\"text-editor.default\">\n\t\t\t\t<div class=\"elementor-widget-container\">\n\t\t\t\t\t\t\t\t\t<p>K\u00f6sz\u00f6nj\u00fck, hogy kit\u00f6lt\u00f6tted \u0171rlapunkat.<br \/><strong>Munkat\u00e1rsunk 48 \u00f3r\u00e1n bel\u00fcl visszajelez<\/strong> a megadott el\u00e9rhet\u0151s\u00e9geid egyik\u00e9n.<br \/>Akkor is visszajelz\u00fcnk term\u00e9szetesen, ha az adott id\u0151szakra m\u00e1r telth\u00e1zunk van.<\/p><p><strong>Fontos: Az \u0171rlap kit\u00f6lt\u00e9se \/ elk\u00fcld\u00e9se m\u00e9g nem jelent automatikus sz\u00e1ll\u00e1sfoglal\u00e1st.<\/strong><br \/>Koll\u00e9g\u00e1nk \u00edr\u00e1sos visszajelz\u00e9se ut\u00e1n v\u00e1lik v\u00e9gleges\u00edtettnek.<\/p><p>K\u00e9rlek, ha 2 munkanapon nem kapn\u00e1l sem \u00edr\u00e1sos, sem telefonos visszajelz\u00e9st,<br \/>h\u00edvj fel telefonsz\u00e1munkon.<br \/>Telefonsz\u00e1munk: <a href=\"tel:06309612384\">06 30 961 2384<\/a><\/p>\t\t\t\t\t\t\t\t<\/div>\n\t\t\t\t<\/div>\n\t\t\t\t<div class=\"elementor-element elementor-element-d1478cf elementor-widget elementor-widget-text-editor\" data-id=\"d1478cf\" data-element_type=\"widget\" data-e-type=\"widget\" data-widget_type=\"text-editor.default\">\n\t\t\t\t<div class=\"elementor-widget-container\">\n\t\t\t\t\t\t\t\t\t<p>\u00dcdv\u00f6zlettel: Az Albatrosz kemping csapata<\/p>\t\t\t\t\t\t\t\t<\/div>\n\t\t\t\t<\/div>\n\t\t\t\t\t<\/div>\n\t\t\t\t<\/div>\n\t\t\t\t<\/div>","protected":false},"excerpt":{"rendered":"<p>Sikeresen elk\u00fcldted az \u0171rlapot &#8211; Fontos &#8211;Az \u0171rlap kit\u00f6lt\u00e9se m\u00e9g nem min\u0151s\u00fcl foglal\u00e1snak. K\u00f6sz\u00f6nj\u00fck, hogy kit\u00f6lt\u00f6tted \u0171rlapunkat.Munkat\u00e1rsunk 48 \u00f3r\u00e1n bel\u00fcl visszajelez a megadott el\u00e9rhet\u0151s\u00e9geid egyik\u00e9n.Akkor is visszajelz\u00fcnk term\u00e9szetesen, ha az adott id\u0151szakra m\u00e1r telth\u00e1zunk van. Fontos: Az \u0171rlap kit\u00f6lt\u00e9se \/ elk\u00fcld\u00e9se m\u00e9g nem jelent automatikus sz\u00e1ll\u00e1sfoglal\u00e1st.Koll\u00e9g\u00e1nk \u00edr\u00e1sos visszajelz\u00e9se ut\u00e1n v\u00e1lik v\u00e9gleges\u00edtettnek. K\u00e9rlek, ha 2 munkanapon [&hellip;]<\/p>","protected":false},"author":1,"featured_media":0,"parent":0,"menu_order":0,"comment_status":"closed","ping_status":"closed","template":"elementor_header_footer","meta":{"om_disable_all_campaigns":false,"footnotes":""},"class_list":["post-2734","page","type-page","status-publish","hentry","entry"],"_links":{"self":[{"href":"https:\/\/albatroszkemping.hu\/en\/wp-json\/wp\/v2\/pages\/2734","targetHints":{"allow":["GET"]}}],"collection":[{"href":"https:\/\/albatroszkemping.hu\/en\/wp-json\/wp\/v2\/pages"}],"about":[{"href":"https:\/\/albatroszkemping.hu\/en\/wp-json\/wp\/v2\/types\/page"}],"author":[{"embeddable":true,"href":"https:\/\/albatroszkemping.hu\/en\/wp-json\/wp\/v2\/users\/1"}],"replies":[{"embeddable":true,"href":"https:\/\/albatroszkemping.hu\/en\/wp-json\/wp\/v2\/comments?post=2734"}],"version-history":[{"count":13,"href":"https:\/\/albatroszkemping.hu\/en\/wp-json\/wp\/v2\/pages\/2734\/revisions"}],"predecessor-version":[{"id":2755,"href":"https:\/\/albatroszkemping.hu\/en\/wp-json\/wp\/v2\/pages\/2734\/revisions\/2755"}],"wp:attachment":[{"href":"https:\/\/albatroszkemping.hu\/en\/wp-json\/wp\/v2\/media?parent=2734"}],"curies":[{"name":"wp","href":"https:\/\/api.w.org\/{rel}","templated":true}]}}