{"id":2888,"date":"2023-07-05T07:14:24","date_gmt":"2023-07-05T05:14:24","guid":{"rendered":"https:\/\/albatroszkemping.hu\/?page_id=2888"},"modified":"2023-07-05T08:14:15","modified_gmt":"2023-07-05T06:14:15","slug":"miert-szkennelik-be-az-igazolvanyomat","status":"publish","type":"page","link":"https:\/\/albatroszkemping.hu\/en\/miert-szkennelik-be-az-igazolvanyomat\/","title":{"rendered":"Mi\u00e9rt szkennelik be az igazolv\u00e1nyomat?"},"content":{"rendered":"<div data-elementor-type=\"wp-page\" data-elementor-id=\"2888\" class=\"elementor elementor-2888\" data-elementor-post-type=\"page\">\n\t\t\t\t<div data-particle_enable=\"false\" data-particle-mobile-disabled=\"false\" class=\"elementor-element elementor-element-482ce6f e-flex e-con-boxed e-con e-parent\" data-id=\"482ce6f\" data-element_type=\"container\" data-e-type=\"container\">\n\t\t\t\t\t<div class=\"e-con-inner\">\n\t\t\t\t<div class=\"elementor-element elementor-element-2cd2818 elementor-widget elementor-widget-heading\" data-id=\"2cd2818\" data-element_type=\"widget\" data-e-type=\"widget\" data-widget_type=\"heading.default\">\n\t\t\t\t<div class=\"elementor-widget-container\">\n\t\t\t\t\t<h2 class=\"elementor-heading-title elementor-size-default\">Mi\u00e9rt k\u00e9rj\u00fck el az igazolv\u00e1nyodat?<\/h2>\t\t\t\t<\/div>\n\t\t\t\t<\/div>\n\t\t\t\t\t<\/div>\n\t\t\t\t<\/div>\n\t\t<div data-particle_enable=\"false\" data-particle-mobile-disabled=\"false\" class=\"elementor-element elementor-element-ac2c2a3 e-flex e-con-boxed e-con e-parent\" data-id=\"ac2c2a3\" data-element_type=\"container\" data-e-type=\"container\">\n\t\t\t\t\t<div class=\"e-con-inner\">\n\t\t\t\t<div class=\"elementor-element elementor-element-0d7e6a4 elementor-widget elementor-widget-text-editor\" data-id=\"0d7e6a4\" data-element_type=\"widget\" data-e-type=\"widget\" data-widget_type=\"text-editor.default\">\n\t\t\t\t<div class=\"elementor-widget-container\">\n\t\t\t\t\t\t\t\t\t<p><u>R\u00f6viden a v\u00e1lasz:<\/u> Az\u00e9rt mert, jogszab\u00e1lyban k\u00f6teleztek minket, hogy minden \u00e9rkez\u0151 vend\u00e9g igazolv\u00e1ny\u00e1t (szem\u00e9lyit, \u00fatlevelet vagy jogos\u00edtv\u00e1nyt tud az alkalmaz\u00e1s beolvasni) beszkennelj\u00fck.<\/p>\t\t\t\t\t\t\t\t<\/div>\n\t\t\t\t<\/div>\n\t\t\t\t<div class=\"elementor-element elementor-element-2158cfd elementor-widget elementor-widget-text-editor\" data-id=\"2158cfd\" data-element_type=\"widget\" data-e-type=\"widget\" data-widget_type=\"text-editor.default\">\n\t\t\t\t<div class=\"elementor-widget-container\">\n\t\t\t\t\t\t\t\t\t<p><span style=\"font-weight: normal;\">2021. szeptember\u00e9t\u0151l <u>minden sz\u00e1ll\u00e1shely-szolg\u00e1ltat\u00f3 k\u00f6telez\u0151 az adatszolg\u00e1ltat\u00e1snak eleget <\/u>tenni, ami al\u00f3l kemping\u00fcnk sem kiv\u00e9tel. Ennek ok\u00e1n, minden kedves leend\u0151 vend\u00e9g\u00fcnket megk\u00e9r\u00fcnk arra, hogy a bejelentkez\u00e9shez elengedhetetlen f\u00e9nyk\u00e9pes szem\u00e9lyes okm\u00e1nyait ne felejtse otthon. Bejelentkez\u00e9s sor\u00e1n k\u00e9rj\u00fck felmutatni ezen okm\u00e1nyokat, hogy egy, az NTAK (Nemzeti Turisztikai Adatszolg\u00e1ltat\u00f3 K\u00f6zpont) \u00e1ltal hiteles\u00edtett telefonos applik\u00e1ci\u00f3val beszkennelj\u00fck az okm\u00e1nyr\u00f3l az adatokat.<\/span><\/p>\n<p>Az adatbeolvas\u00e1s sor\u00e1n nem f\u00e9nyk\u00e9pez\u00fcnk, nem r\u00f6gz\u00edt\u00fcnk sem adatot, sem pedig f\u00e9nyk\u00e9pet a k\u00e9sz\u00fcl\u00e9kre<span style=\"font-weight: normal;\">, csup\u00e1n az adat tov\u00e1bb\u00edt\u00e1sa zajlik a VIZA (Vend\u00e9g Inform\u00e1ci\u00f3s Z\u00e1rt Adatb\u00e1zis) fel\u00e9. Sajnos az \u00e9rkez\u00e9skori adminisztr\u00e1ci\u00f3 ez\u00e9rt a szok\u00e1sosn\u00e1l hosszabb folyamat lehet. Csoportok eset\u00e9n is k\u00f6telez\u0151 minden r\u00e9sztvev\u0151nek szem\u00e9lyi igazolv\u00e1nyt felmutatni.<\/span><\/p>\t\t\t\t\t\t\t\t<\/div>\n\t\t\t\t<\/div>\n\t\t\t\t\t<\/div>\n\t\t\t\t<\/div>\n\t\t\t\t<\/div>","protected":false},"excerpt":{"rendered":"<p>Mi\u00e9rt k\u00e9rj\u00fck el az igazolv\u00e1nyodat? R\u00f6viden a v\u00e1lasz: Az\u00e9rt mert, jogszab\u00e1lyban k\u00f6teleztek minket, hogy minden \u00e9rkez\u0151 vend\u00e9g igazolv\u00e1ny\u00e1t (szem\u00e9lyit, \u00fatlevelet vagy jogos\u00edtv\u00e1nyt tud az alkalmaz\u00e1s beolvasni) beszkennelj\u00fck. 2021. szeptember\u00e9t\u0151l minden sz\u00e1ll\u00e1shely-szolg\u00e1ltat\u00f3 k\u00f6telez\u0151 az adatszolg\u00e1ltat\u00e1snak eleget tenni, ami al\u00f3l kemping\u00fcnk sem kiv\u00e9tel. Ennek ok\u00e1n, minden kedves leend\u0151 vend\u00e9g\u00fcnket megk\u00e9r\u00fcnk arra, hogy a bejelentkez\u00e9shez elengedhetetlen f\u00e9nyk\u00e9pes szem\u00e9lyes [&hellip;]<\/p>","protected":false},"author":1,"featured_media":0,"parent":0,"menu_order":0,"comment_status":"closed","ping_status":"closed","template":"","meta":{"om_disable_all_campaigns":false,"footnotes":""},"class_list":["post-2888","page","type-page","status-publish","hentry","entry"],"_links":{"self":[{"href":"https:\/\/albatroszkemping.hu\/en\/wp-json\/wp\/v2\/pages\/2888","targetHints":{"allow":["GET"]}}],"collection":[{"href":"https:\/\/albatroszkemping.hu\/en\/wp-json\/wp\/v2\/pages"}],"about":[{"href":"https:\/\/albatroszkemping.hu\/en\/wp-json\/wp\/v2\/types\/page"}],"author":[{"embeddable":true,"href":"https:\/\/albatroszkemping.hu\/en\/wp-json\/wp\/v2\/users\/1"}],"replies":[{"embeddable":true,"href":"https:\/\/albatroszkemping.hu\/en\/wp-json\/wp\/v2\/comments?post=2888"}],"version-history":[{"count":5,"href":"https:\/\/albatroszkemping.hu\/en\/wp-json\/wp\/v2\/pages\/2888\/revisions"}],"predecessor-version":[{"id":2896,"href":"https:\/\/albatroszkemping.hu\/en\/wp-json\/wp\/v2\/pages\/2888\/revisions\/2896"}],"wp:attachment":[{"href":"https:\/\/albatroszkemping.hu\/en\/wp-json\/wp\/v2\/media?parent=2888"}],"curies":[{"name":"wp","href":"https:\/\/api.w.org\/{rel}","templated":true}]}}