{"id":3410,"date":"2022-06-04T14:08:00","date_gmt":"2022-06-04T12:08:00","guid":{"rendered":"https:\/\/albatroszkemping.hu\/?page_id=3410"},"modified":"2025-08-22T14:19:31","modified_gmt":"2025-08-22T12:19:31","slug":"terulet-berleti-dij-lakokocsik-eseten","status":"publish","type":"page","link":"https:\/\/albatroszkemping.hu\/en\/terulet-berleti-dij-lakokocsik-eseten\/","title":{"rendered":"Ter\u00fclet b\u00e9rleti d\u00edj lak\u00f3kocsik eset\u00e9n"},"content":{"rendered":"<div data-elementor-type=\"wp-page\" data-elementor-id=\"3410\" class=\"elementor elementor-3410\" data-elementor-post-type=\"page\">\n\t\t\t\t<div data-particle_enable=\"false\" data-particle-mobile-disabled=\"false\" class=\"elementor-element elementor-element-ffde245 e-flex e-con-boxed e-con e-parent\" data-id=\"ffde245\" data-element_type=\"container\" data-e-type=\"container\">\n\t\t\t\t\t<div class=\"e-con-inner\">\n\t\t\t\t<div class=\"elementor-element elementor-element-e786060 elementor-widget elementor-widget-heading\" data-id=\"e786060\" data-element_type=\"widget\" data-e-type=\"widget\" data-widget_type=\"heading.default\">\n\t\t\t\t<div class=\"elementor-widget-container\">\n\t\t\t\t\t<h1 class=\"elementor-heading-title elementor-size-default\">Tart\u00f3s ter\u00fcletb\u00e9rl\u00e9s r\u00e9szletei<\/h1>\t\t\t\t<\/div>\n\t\t\t\t<\/div>\n\t\t\t\t\t<\/div>\n\t\t\t\t<\/div>\n\t\t<div data-particle_enable=\"false\" data-particle-mobile-disabled=\"false\" class=\"elementor-element elementor-element-66ed09b e-flex e-con-boxed e-con e-parent\" data-id=\"66ed09b\" data-element_type=\"container\" data-e-type=\"container\">\n\t\t\t\t\t<div class=\"e-con-inner\">\n\t\t\t\t<div class=\"elementor-element elementor-element-9f43d53 elementor-widget elementor-widget-heading\" data-id=\"9f43d53\" data-element_type=\"widget\" data-e-type=\"widget\" data-widget_type=\"heading.default\">\n\t\t\t\t<div class=\"elementor-widget-container\">\n\t\t\t\t\t<h1 class=\"elementor-heading-title elementor-size-default\">A rendelkez\u00e9sre \u00e1ll\u00f3, b\u00e9relhet\u0151 ter\u00fcletekr\u0151l \u00e9rdekl\u0151dj telefonon, vagy szem\u00e9lyesen a kempingben.<\/h1>\t\t\t\t<\/div>\n\t\t\t\t<\/div>\n\t\t\t\t\t<\/div>\n\t\t\t\t<\/div>\n\t\t<div data-particle_enable=\"false\" data-particle-mobile-disabled=\"false\" class=\"elementor-element elementor-element-589f63d e-flex e-con-boxed e-con e-parent\" data-id=\"589f63d\" data-element_type=\"container\" data-e-type=\"container\">\n\t\t\t\t\t<div class=\"e-con-inner\">\n\t\t\t\t<div class=\"elementor-element elementor-element-39b6154 elementor-widget elementor-widget-text-editor\" data-id=\"39b6154\" data-element_type=\"widget\" data-e-type=\"widget\" data-widget_type=\"text-editor.default\">\n\t\t\t\t<div class=\"elementor-widget-container\">\n\t\t\t\t\t\t\t\t\t<p>Tart\u00f3s ter\u00fcletb\u00e9rl\u00e9sre az al\u00e1bbi felt\u00e9telek elfogad\u00e1sa mellett van lehet\u0151s\u00e9g:<\/p><ol><li>A b\u00e9rl\u00e9s id\u0151tartama minden esetben szezononk\u00e9nt meg\u00fajul amennyiben az aktu\u00e1lis szezon megkezd\u00e9s\u00e9nek napj\u00e1n a vend\u00e9g lak\u00f3kocsija\/mobilh\u00e1za a kor\u00e1bban b\u00e9relt ter\u00fcleten tart\u00f3zkodik. Szezonkezd\u00e9s jellemz\u0151en \u00e1prilisban, \u00e9s szezonz\u00e1r\u00e1s \u00e1ltal\u00e1ban szeptember v\u00e9g\u00e9n van. A pontos szezonkezd\u00e9s \u00e9s szezonz\u00e1r\u00e1s az id\u0151j\u00e1r\u00e1s figyelembev\u00e9tel\u00e9vel t\u00f6rt\u00e9nik.<\/li><li>\u00a0A lak\u00f3kocsihelyen elhelyezhet\u0151 lak\u00f3kocsi sz\u00e1ma 1 db.<\/li><li>\u00a0A kemping \u00fczemeltet\u0151je biztos\u00edtja, hogy tart\u00f3s ter\u00fcletb\u00e9rl\u00e9s eset\u00e9n a lak\u00f3kocsihely a B\u00e9rl\u0151 sz\u00e1m\u00e1ra rendelkez\u00e9sre \u00e1ll az aktu\u00e1lis szezonra.<\/li><li>A B\u00e9rl\u0151 a b\u00e9relt ter\u00fclet haszn\u00e1lat\u00e1\u00e9rt minden \u00e9vben, egy szezonra (2025-ben) brutt\u00f3 250.000Ft, azaz k\u00e9tsz\u00e1z\u00f6tven-ezer forint d\u00edjat k\u00f6teles fizetni B\u00e9rbead\u00f3nak. E d\u00edj megfizet\u00e9se minden \u00e9vben legk\u00e9s\u0151bb az aktu\u00e1lis szezon megkezd\u00e9s\u00e9nek napj\u00e1ig esed\u00e9kes. A 2026-os \u00e9vre v\u00e1rhat\u00f3an ez a d\u00edj 300.000 Ft-ra m\u00f3dosul.<\/li><li>A b\u00e9rleti d\u00edj tartalmazza lak\u00f3kocsi helyenk\u00e9nt:<br \/>&#8211; a lak\u00f3kocsihely ter\u00fclet\u00e9nek b\u00e9rlet\u00e9t<br \/>&#8211; 1 db szem\u00e9lyaut\u00f3 ingyenes parkol\u00e1s\u00e1t a lak\u00f3kocsihely k\u00f6zel\u00e9ben<br \/>&#8211; a kemping k\u00f6z\u00f6s vizesblokkjainak haszn\u00e1lat\u00e1t a b\u00e9rl\u00e9s id\u0151tartam\u00e1ra, a kemping nyitvatart\u00e1si ideje alatt.<\/li><li>B\u00e9rl\u0151 k\u00f6teles a k\u00f6zm\u0171haszn\u00e1latot (energiafogyaszt\u00e1st) a b\u00e9relt ter\u00fcleten tal\u00e1lhat\u00f3 fogyaszt\u00e1sm\u00e9r\u0151 alapj\u00e1n a B\u00e9rbead\u00f3 r\u00e9sz\u00e9re megfizetni.<\/li><li>B\u00e9rl\u0151 a lak\u00f3kocsi helyet kiz\u00e1r\u00f3lag saj\u00e1t, illetve csal\u00e1dtagjai elhelyez\u00e9s\u00e9re, nyaral\u00e1s c\u00e9lj\u00e1ra haszn\u00e1lhatja. Azt \u00fczleti c\u00e9llal nem \u00fczemeltetheti!<\/li><li>B\u00e9rl\u0151 a b\u00e9rlet teljes id\u0151tartama alatt k\u00f6teles betartani \u00e9s a vele egy\u00fctt \u00e9rkez\u0151kkel betartatni a hat\u00e1lyos k\u00f6rnyezetv\u00e9delmi, t\u0171zv\u00e9delmi, \u00e9s k\u00f6zeg\u00e9szs\u00e9g\u00fcgyi szab\u00e1lyokat.<\/li><li>B\u00e9rl\u0151 k\u00f6teles a b\u00e9relt ter\u00fcletet a j\u00f3 gazda gondoss\u00e1g\u00e1val birtokolni, \u00e9s felel\u0151s minden olyan k\u00e1r\u00e9rt, amely ezen k\u00f6telezetts\u00e9g megszeg\u00e9s\u00e9b\u0151l fakad. B\u00e9rl\u0151 k\u00f6telezetts\u00e9get v\u00e1llal tov\u00e1bb\u00e1 a b\u00e9relt ter\u00fclet folyamatos tiszt\u00e1ntart\u00e1s\u00e1ra.<\/li><li>B\u00e9rl\u0151 jogosult a saj\u00e1t tulajdon\u00e1t k\u00e9pez\u0151, mindazon berendez\u00e9si, felszerel\u00e9si \u00e9s haszn\u00e1lati t\u00e1rgyat a b\u00e9relt ter\u00fcletre bevinni, amelyet saj\u00e1t ig\u00e9nyeinek kiel\u00e9g\u00edt\u00e9s\u00e9vel \u00f6sszef\u00fcgg\u00e9sben a ter\u00fcleten haszn\u00e1l.<\/li><li>Amennyiben b\u00e9relt ter\u00fcleten vagy a kemping ter\u00fclet\u00e9n bel\u00fcl, de a b\u00e9relt ter\u00fcleten k\u00edv\u00fcl l\u00e9v\u0151 ing\u00f3s\u00e1gban B\u00e9rl\u0151 vagy csal\u00e1dtagjai magatart\u00e1sa miatt B\u00e9rbead\u00f3nak k\u00e1ra keletkezik, a B\u00e9rl\u0151 k\u00f6teles azt megt\u00e9r\u00edteni.<\/li><li>B\u00e9rbead\u00f3 jogosult a B\u00e9rl\u0151 r\u00e9sz\u00e9r\u0151l gyakorolt haszn\u00e1lat m\u00f3dj\u00e1t ellen\u0151rizni. A rendeltet\u00e9sellenes haszn\u00e1lat, vagy a B\u00e9rl\u0151 m\u00e1s s\u00falyos szerz\u0151d\u00e9sszeg\u00e9se alapot ad a tart\u00f3s ter\u00fcletb\u00e9rl\u00e9s B\u00e9rbead\u00f3 r\u00e9sz\u00e9r\u0151l t\u00f6rt\u00e9n\u0151 azonnali hat\u00e1ly\u00fa felmond\u00e1s\u00e1ra.<\/li><li>B\u00e9rl\u0151 s\u00falyos szerz\u0151d\u00e9sszeg\u00e9se, a h\u00e1zirend \u00e9s kemping rendj\u00e9nek be nem tart\u00e1sa, egyszeri el\u0151zetes hi\u00e1baval\u00f3 figyelmeztet\u00e9s ut\u00e1n, kempingb\u0151l val\u00f3 kitilt\u00e1st von maga ut\u00e1n. Ilyen esetekben a B\u00e9rbead\u00f3 a B\u00e9rl\u0151 ir\u00e1ny\u00e1ba semmi f\u00e9le p\u00e9nzbeli k\u00e1rt\u00e9r\u00edt\u00e9sre vagy visszat\u00e9r\u00edt\u00e9sre nem k\u00f6telezhet\u0151.<\/li><li>A B\u00e9rl\u0151, valamint csal\u00e1dtagjai k\u00f6telesek a kempingbe \u00e9rkez\u00e9skor a recepci\u00f3n az aktu\u00e1lis szab\u00e1lyoz\u00e1soknak megfelel\u0151en bejelentkezni!<\/li><li>Harmadik szem\u00e9ly r\u00e9sz\u00e9re a ter\u00fclet b\u00e9rl\u00e9se \u00e9s \u00fczemeltet\u00e9si joga nem ruh\u00e1zhat\u00f3 \u00e1t, nem adhat\u00f3 el, nem adhat\u00f3 b\u00e9rbe \u00e9s nem terhelhet\u0151.<\/li><li>A b\u00e9rleti id\u0151 megsz\u0171n\u00e9sekor B\u00e9rl\u0151 k\u00f6teles a kor\u00e1bban b\u00e9relt ter\u00fcletet tiszta, rendeltet\u00e9sszer\u0171 haszn\u00e1latra alkalmas,\u00a0 redeti \u00e1llapot\u00e1ban B\u00e9rbead\u00f3 rendelkez\u00e9s\u00e9re bocs\u00e1tani.<\/li><li>A kemping \u00fczemeltet\u0151je a fent r\u00e9szletezett, tart\u00f3s ter\u00fcletb\u00e9rl\u00e9s felt\u00e9teleit a Vend\u00e9g r\u00e9sz\u00e9r\u0151l elfogadottnak tekinti, amennyiben Vend\u00e9g a b\u00e9relt ter\u00fcletet haszn\u00e1latba veszi.<\/li><\/ol><p>A fenti, tart\u00f3s ter\u00fcletb\u00e9rl\u00e9s r\u00e9szletei nyomtatott form\u00e1ban recepci\u00f3nkon is megtal\u00e1lhat\u00f3.<\/p><p>Vend\u00e9g k\u00e9r\u00e9s\u00e9re \u00edr\u00e1sos ter\u00fcletb\u00e9rl\u00e9si szerz\u0151d\u00e9s k\u00f6t\u00e9s\u00e9re is van lehet\u0151s\u00e9g.<\/p>\t\t\t\t\t\t\t\t<\/div>\n\t\t\t\t<\/div>\n\t\t\t\t\t<\/div>\n\t\t\t\t<\/div>\n\t\t\t\t<\/div>","protected":false},"excerpt":{"rendered":"<p>Tart\u00f3s ter\u00fcletb\u00e9rl\u00e9s r\u00e9szletei A rendelkez\u00e9sre \u00e1ll\u00f3, b\u00e9relhet\u0151 ter\u00fcletekr\u0151l \u00e9rdekl\u0151dj telefonon, vagy szem\u00e9lyesen a kempingben. Tart\u00f3s ter\u00fcletb\u00e9rl\u00e9sre az al\u00e1bbi felt\u00e9telek elfogad\u00e1sa mellett van lehet\u0151s\u00e9g: A b\u00e9rl\u00e9s id\u0151tartama minden esetben szezononk\u00e9nt meg\u00fajul amennyiben az aktu\u00e1lis szezon megkezd\u00e9s\u00e9nek napj\u00e1n a vend\u00e9g lak\u00f3kocsija\/mobilh\u00e1za a kor\u00e1bban b\u00e9relt ter\u00fcleten tart\u00f3zkodik. Szezonkezd\u00e9s jellemz\u0151en \u00e1prilisban, \u00e9s szezonz\u00e1r\u00e1s \u00e1ltal\u00e1ban szeptember v\u00e9g\u00e9n van. A pontos [&hellip;]<\/p>","protected":false},"author":1,"featured_media":0,"parent":0,"menu_order":0,"comment_status":"closed","ping_status":"closed","template":"","meta":{"om_disable_all_campaigns":false,"footnotes":""},"class_list":["post-3410","page","type-page","status-publish","hentry","entry"],"_links":{"self":[{"href":"https:\/\/albatroszkemping.hu\/en\/wp-json\/wp\/v2\/pages\/3410","targetHints":{"allow":["GET"]}}],"collection":[{"href":"https:\/\/albatroszkemping.hu\/en\/wp-json\/wp\/v2\/pages"}],"about":[{"href":"https:\/\/albatroszkemping.hu\/en\/wp-json\/wp\/v2\/types\/page"}],"author":[{"embeddable":true,"href":"https:\/\/albatroszkemping.hu\/en\/wp-json\/wp\/v2\/users\/1"}],"replies":[{"embeddable":true,"href":"https:\/\/albatroszkemping.hu\/en\/wp-json\/wp\/v2\/comments?post=3410"}],"version-history":[{"count":41,"href":"https:\/\/albatroszkemping.hu\/en\/wp-json\/wp\/v2\/pages\/3410\/revisions"}],"predecessor-version":[{"id":3459,"href":"https:\/\/albatroszkemping.hu\/en\/wp-json\/wp\/v2\/pages\/3410\/revisions\/3459"}],"wp:attachment":[{"href":"https:\/\/albatroszkemping.hu\/en\/wp-json\/wp\/v2\/media?parent=3410"}],"curies":[{"name":"wp","href":"https:\/\/api.w.org\/{rel}","templated":true}]}}