{"id":491,"date":"2020-01-30T13:47:22","date_gmt":"2020-01-30T12:47:22","guid":{"rendered":"https:\/\/albatroszkemping.hu\/?page_id=491"},"modified":"2023-03-14T16:49:08","modified_gmt":"2023-03-14T15:49:08","slug":"impresszum","status":"publish","type":"page","link":"https:\/\/albatroszkemping.hu\/en\/impresszum\/","title":{"rendered":"Impresszum"},"content":{"rendered":"<div data-elementor-type=\"wp-page\" data-elementor-id=\"491\" class=\"elementor elementor-491\" data-elementor-post-type=\"page\">\n\t\t\t\t\t\t<section data-particle_enable=\"false\" data-particle-mobile-disabled=\"false\" class=\"elementor-section elementor-top-section elementor-element elementor-element-9a2d207 elementor-section-boxed elementor-section-height-default elementor-section-height-default\" data-id=\"9a2d207\" data-element_type=\"section\" data-e-type=\"section\">\n\t\t\t\t\t\t<div class=\"elementor-container elementor-column-gap-default\">\n\t\t\t\t\t<div class=\"elementor-column elementor-col-50 elementor-top-column elementor-element elementor-element-59bd49b\" data-id=\"59bd49b\" data-element_type=\"column\" data-e-type=\"column\">\n\t\t\t<div class=\"elementor-widget-wrap elementor-element-populated\">\n\t\t\t\t\t\t<div class=\"elementor-element elementor-element-89c1472 elementor-widget elementor-widget-heading\" data-id=\"89c1472\" data-element_type=\"widget\" data-e-type=\"widget\" data-widget_type=\"heading.default\">\n\t\t\t\t<div class=\"elementor-widget-container\">\n\t\t\t\t\t<h1 class=\"elementor-heading-title elementor-size-default\">\u00dczemeltet\u0151<\/h1>\t\t\t\t<\/div>\n\t\t\t\t<\/div>\n\t\t\t\t<div class=\"elementor-element elementor-element-d7fc8aa elementor-widget elementor-widget-text-editor\" data-id=\"d7fc8aa\" data-element_type=\"widget\" data-e-type=\"widget\" data-widget_type=\"text-editor.default\">\n\t\t\t\t<div class=\"elementor-widget-container\">\n\t\t\t\t\t\t\t\t\t<p>V\u00e1llalkoz\u00e1s neve: Sz\u00e1lka F\u00fcred Kft.<br \/>Sz\u00e9khely: 5350 Tiszaf\u00fcred, B\u00e1n Zsigmond u. 67<br \/>\u00dcgyvezet\u0151k: Nagy Mariann \u00e9s Kiss Ferenc<br \/>E-mail c\u00edm: hello@albatroszkemping.hu, vagy albatroszkemping@gmail.com<\/p><p>NTAK reg. sz\u00e1m:<br \/>Albatrosz kemping: KE20000380;<br \/>K\u00f6r\u00fati apartman (Sz\u00e1rcsa\u00a0 \u00e9s Sir\u00e1ly lakr\u00e9sz): EG20010916; <br \/>K\u00f6r\u00fati apartman (Szerk\u0151 lakr\u00e9sz): EG21004636<\/p><p>Ad\u00f3sz\u00e1m: 24133324-2-16<br \/>C\u00e9gjegyz\u00e9ksz\u00e1m: 16-09-014595<br \/>Banksz\u00e1mlasz\u00e1m: 70100011-11097136<br \/>IBAN sz\u00e1m: HU75 7010 0011 1109 7136 0000 0000<\/p>\t\t\t\t\t\t\t\t<\/div>\n\t\t\t\t<\/div>\n\t\t\t\t<div class=\"elementor-element elementor-element-a744c06 elementor-widget elementor-widget-heading\" data-id=\"a744c06\" data-element_type=\"widget\" data-e-type=\"widget\" data-widget_type=\"heading.default\">\n\t\t\t\t<div class=\"elementor-widget-container\">\n\t\t\t\t\t<h1 class=\"elementor-heading-title elementor-size-default\">Foglal\u00f3 \u00e1tutal\u00e1s\u00e1hoz sz\u00fcks\u00e9ges adatok:<\/h1>\t\t\t\t<\/div>\n\t\t\t\t<\/div>\n\t\t\t\t<div class=\"elementor-element elementor-element-c267166 elementor-widget elementor-widget-text-editor\" data-id=\"c267166\" data-element_type=\"widget\" data-e-type=\"widget\" data-widget_type=\"text-editor.default\">\n\t\t\t\t<div class=\"elementor-widget-container\">\n\t\t\t\t\t\t\t\t\t<p>Sz\u00e1mlatulajdonos: Sz\u00e1lka F\u00fcred Kft.<br \/>Banksz\u00e1mlasz\u00e1m: 70100011-11097136<br \/>IBAN sz\u00e1m: HU75 7010 0011 1109 7136 0000 0000<br \/>Sz\u00e1mlavezet\u0151 bank neve: 3A Takar\u00e9kbank Tiszaf\u00fcredi fi\u00f3kja<br \/>Megjegyz\u00e9s r\u00e9szbe k\u00e9rj\u00fck bele\u00edrni: A foglal\u00f3 vend\u00e9g, vagy kapcsolattart\u00f3 nev\u00e9t. <br \/>(En\u00e9lk\u00fcl koll\u00e9g\u00e1nknak nehezebb lesz beazonos\u00edtani utal\u00e1s\u00e1t, ami fennakad\u00e1sokat okozhat a sz\u00e1ll\u00e1sfoglal\u00e1s\u00e1nak v\u00e9gleges\u00edt\u00e9se sor\u00e1n.)<\/p>\t\t\t\t\t\t\t\t<\/div>\n\t\t\t\t<\/div>\n\t\t\t\t\t<\/div>\n\t\t<\/div>\n\t\t\t\t<div class=\"elementor-column elementor-col-50 elementor-top-column elementor-element elementor-element-de7d992\" data-id=\"de7d992\" data-element_type=\"column\" data-e-type=\"column\">\n\t\t\t<div class=\"elementor-widget-wrap elementor-element-populated\">\n\t\t\t\t\t\t<div class=\"elementor-element elementor-element-c1e01fe elementor-widget elementor-widget-heading\" data-id=\"c1e01fe\" data-element_type=\"widget\" data-e-type=\"widget\" data-widget_type=\"heading.default\">\n\t\t\t\t<div class=\"elementor-widget-container\">\n\t\t\t\t\t<h1 class=\"elementor-heading-title elementor-size-default\">T\u00e1rhelyszolg\u00e1ltat\u00f3<\/h1>\t\t\t\t<\/div>\n\t\t\t\t<\/div>\n\t\t\t\t<div class=\"elementor-element elementor-element-48a7e0b elementor-widget elementor-widget-text-editor\" data-id=\"48a7e0b\" data-element_type=\"widget\" data-e-type=\"widget\" data-widget_type=\"text-editor.default\">\n\t\t\t\t<div class=\"elementor-widget-container\">\n\t\t\t\t\t\t\t\t\t<p>Weboldal t\u00e1rol\u00e1s\u00e1ra haszn\u00e1lt t\u00e1rhelyszolg\u00e1ltat\u00f3:<br \/>T\u00e1rhely.Eu Szolg\u00e1ltat\u00f3 Kft.<br \/>Sz\u00e9khely: 1144 Budapest, Orm\u00e1ns\u00e1g u. 4.<br \/>Ad\u00f3sz\u00e1m: 14571332-2-42<br \/>C\u00e9gjegyz\u00e9ksz\u00e1m: 01-09-909968<br \/>Tel.:+36 1 789-2-789<br \/>E-mail c\u00edm: info@tarhely.eu<br \/>Web: www.tarhely.eu<\/p>\t\t\t\t\t\t\t\t<\/div>\n\t\t\t\t<\/div>\n\t\t\t\t<div class=\"elementor-element elementor-element-b0c3154 elementor-widget elementor-widget-text-editor\" data-id=\"b0c3154\" data-element_type=\"widget\" data-e-type=\"widget\" data-widget_type=\"text-editor.default\">\n\t\t\t\t<div class=\"elementor-widget-container\">\n\t\t\t\t\t\t\t\t\t<p>Fel\u00fcgyeleti szervek, ahov\u00e1 a v\u00e1s\u00e1rl\u00f3 panasz\u00e1val, \u00e9szrev\u00e9tel\u00e9vel fordulhat<br \/>Polg\u00e1rmesteri Hivatal jegyz\u0151je<br \/>5350 Tiszaf\u00fcred, F\u0151 \u00fat 1.<br \/>Tel.: +36 59 510-500<br \/>Nemzeti Fogyaszt\u00f3v\u00e9delmi Hat\u00f3s\u00e1g \u00c9szak-alf\u00f6ldi Region\u00e1lis Fel\u00fcgyel\u0151s\u00e9g Kirendelts\u00e9ge<br \/>5000 Szolnok, Kossuth \u00fat 2.<br \/>Tel.: +36 56 513-827<br \/>B\u00e9k\u00e9ltet\u0151 Test\u00fclet<br \/>5000 Szolnok, Verseghy park 8.<br \/>Tel.: +36 56 510-610<br \/>JNSZ Megyei Mez\u0151gazdas\u00e1gi Szakigazgat\u00e1si \u00c9lelmiszerl\u00e1ncbiztons\u00e1gi \u00e9s \u00c1llateg\u00e9szs\u00e9g\u00fcgyi Hivatal Igazgat\u00f3s\u00e1g Hat\u00f3s\u00e1gi F\u0151\u00e1llatorvos<br \/>5300 Karcag, Ady Endre \u00fat 2.<br \/>Tel.: +36 59 312-736<\/p>\t\t\t\t\t\t\t\t<\/div>\n\t\t\t\t<\/div>\n\t\t\t\t\t<\/div>\n\t\t<\/div>\n\t\t\t\t\t<\/div>\n\t\t<\/section>\n\t\t\t\t<\/div>","protected":false},"excerpt":{"rendered":"<p>\u00dczemeltet\u0151 V\u00e1llalkoz\u00e1s neve: Sz\u00e1lka F\u00fcred Kft.Sz\u00e9khely: 5350 Tiszaf\u00fcred, B\u00e1n Zsigmond u. 67\u00dcgyvezet\u0151k: Nagy Mariann \u00e9s Kiss FerencE-mail c\u00edm: hello@albatroszkemping.hu, vagy albatroszkemping@gmail.com NTAK reg. sz\u00e1m:Albatrosz kemping: KE20000380;K\u00f6r\u00fati apartman (Sz\u00e1rcsa\u00a0 \u00e9s Sir\u00e1ly lakr\u00e9sz): EG20010916; K\u00f6r\u00fati apartman (Szerk\u0151 lakr\u00e9sz): EG21004636 Ad\u00f3sz\u00e1m: 24133324-2-16C\u00e9gjegyz\u00e9ksz\u00e1m: 16-09-014595Banksz\u00e1mlasz\u00e1m: 70100011-11097136IBAN sz\u00e1m: HU75 7010 0011 1109 7136 0000 0000 Foglal\u00f3 \u00e1tutal\u00e1s\u00e1hoz sz\u00fcks\u00e9ges adatok: Sz\u00e1mlatulajdonos: Sz\u00e1lka [&hellip;]<\/p>","protected":false},"author":1,"featured_media":0,"parent":0,"menu_order":0,"comment_status":"closed","ping_status":"closed","template":"","meta":{"om_disable_all_campaigns":false,"footnotes":""},"class_list":["post-491","page","type-page","status-publish","hentry","entry"],"_links":{"self":[{"href":"https:\/\/albatroszkemping.hu\/en\/wp-json\/wp\/v2\/pages\/491","targetHints":{"allow":["GET"]}}],"collection":[{"href":"https:\/\/albatroszkemping.hu\/en\/wp-json\/wp\/v2\/pages"}],"about":[{"href":"https:\/\/albatroszkemping.hu\/en\/wp-json\/wp\/v2\/types\/page"}],"author":[{"embeddable":true,"href":"https:\/\/albatroszkemping.hu\/en\/wp-json\/wp\/v2\/users\/1"}],"replies":[{"embeddable":true,"href":"https:\/\/albatroszkemping.hu\/en\/wp-json\/wp\/v2\/comments?post=491"}],"version-history":[{"count":13,"href":"https:\/\/albatroszkemping.hu\/en\/wp-json\/wp\/v2\/pages\/491\/revisions"}],"predecessor-version":[{"id":2566,"href":"https:\/\/albatroszkemping.hu\/en\/wp-json\/wp\/v2\/pages\/491\/revisions\/2566"}],"wp:attachment":[{"href":"https:\/\/albatroszkemping.hu\/en\/wp-json\/wp\/v2\/media?parent=491"}],"curies":[{"name":"wp","href":"https:\/\/api.w.org\/{rel}","templated":true}]}}