{"id":935,"date":"2021-08-05T14:09:45","date_gmt":"2021-08-05T12:09:45","guid":{"rendered":"https:\/\/albatroszkemping.hu\/?page_id=935"},"modified":"2021-08-05T14:23:51","modified_gmt":"2021-08-05T12:23:51","slug":"sikeres-urlapkuldes","status":"publish","type":"page","link":"https:\/\/albatroszkemping.hu\/en\/sikeres-urlapkuldes\/","title":{"rendered":"Sikeres \u0171rlapk\u00fcld\u00e9s"},"content":{"rendered":"<div data-elementor-type=\"wp-page\" data-elementor-id=\"935\" class=\"elementor elementor-935\" data-elementor-post-type=\"page\">\n\t\t\t\t\t\t<section data-particle_enable=\"false\" data-particle-mobile-disabled=\"false\" class=\"elementor-section elementor-top-section elementor-element elementor-element-b6f1106 elementor-section-boxed elementor-section-height-default elementor-section-height-default\" data-id=\"b6f1106\" data-element_type=\"section\" data-e-type=\"section\">\n\t\t\t\t\t\t<div class=\"elementor-container elementor-column-gap-default\">\n\t\t\t\t\t<div class=\"elementor-column elementor-col-100 elementor-top-column elementor-element elementor-element-7d1afd9\" data-id=\"7d1afd9\" data-element_type=\"column\" data-e-type=\"column\">\n\t\t\t<div class=\"elementor-widget-wrap elementor-element-populated\">\n\t\t\t\t\t\t<div class=\"elementor-element elementor-element-3502e5b elementor-widget elementor-widget-heading\" data-id=\"3502e5b\" data-element_type=\"widget\" data-e-type=\"widget\" data-widget_type=\"heading.default\">\n\t\t\t\t<div class=\"elementor-widget-container\">\n\t\t\t\t\t<h1 class=\"elementor-heading-title elementor-size-default\">A kit\u00f6lt\u00f6tt \u0171rlapod m\u00e1r meg is \u00e9rkezett hozz\u00e1nk.<\/h1>\t\t\t\t<\/div>\n\t\t\t\t<\/div>\n\t\t\t\t\t<\/div>\n\t\t<\/div>\n\t\t\t\t\t<\/div>\n\t\t<\/section>\n\t\t\t\t<section data-particle_enable=\"false\" data-particle-mobile-disabled=\"false\" class=\"elementor-section elementor-top-section elementor-element elementor-element-bcefdb2 elementor-section-boxed elementor-section-height-default elementor-section-height-default\" data-id=\"bcefdb2\" data-element_type=\"section\" data-e-type=\"section\">\n\t\t\t\t\t\t<div class=\"elementor-container elementor-column-gap-default\">\n\t\t\t\t\t<div class=\"elementor-column elementor-col-100 elementor-top-column elementor-element elementor-element-6da9432\" data-id=\"6da9432\" data-element_type=\"column\" data-e-type=\"column\">\n\t\t\t<div class=\"elementor-widget-wrap elementor-element-populated\">\n\t\t\t\t\t\t<div class=\"elementor-element elementor-element-8bbb543 elementor-widget elementor-widget-text-editor\" data-id=\"8bbb543\" data-element_type=\"widget\" data-e-type=\"widget\" data-widget_type=\"text-editor.default\">\n\t\t\t\t<div class=\"elementor-widget-container\">\n\t\t\t\t\t\t\t\t\t<p>K\u00e9rlek n\u00e9zd meg a be\u00e9rkez\u0151 \u00fczeneteidet. Ha helyesen adtad meg a c\u00edmedet, az el\u0151bb megadott inform\u00e1ci\u00f3kr\u00f3l Te is kapt\u00e1l egy m\u00e1solatot, \u00edgy ott ak\u00e1r ellen\u0151rizheted is m\u00e9g egyszer a r\u00e9szleteket.<\/p><p>Koll\u00e9g\u00e1ink v\u00e1rhat\u00f3an m\u00e9g a mai napon, de legk\u00e9s\u0151bb 2 napon bel\u00fcl jelentkeznek a megadott el\u00e9rhet\u0151s\u00e9geid egyik\u00e9n, \u00e9s t\u00e1j\u00e9koztatnak a rendelkez\u00e9s\u00e9re \u00e1ll\u00f3 lehet\u0151s\u00e9gekr\u0151l.<br \/>(Ha 2 napon bel\u00fcl nem \u00e9rkezne \u00edr\u00e1sos, vagy sz\u00f3beli megkeres\u00e9s r\u00e9sz\u00fcnkr\u0151l, k\u00e9rlek keress fel minket telefonon.)<\/p>\t\t\t\t\t\t\t\t<\/div>\n\t\t\t\t<\/div>\n\t\t\t\t\t<\/div>\n\t\t<\/div>\n\t\t\t\t\t<\/div>\n\t\t<\/section>\n\t\t\t\t<section data-particle_enable=\"false\" data-particle-mobile-disabled=\"false\" class=\"elementor-section elementor-top-section elementor-element elementor-element-3f61453 elementor-section-boxed elementor-section-height-default elementor-section-height-default\" data-id=\"3f61453\" data-element_type=\"section\" data-e-type=\"section\">\n\t\t\t\t\t\t<div class=\"elementor-container elementor-column-gap-default\">\n\t\t\t\t\t<div class=\"elementor-column elementor-col-100 elementor-top-column elementor-element elementor-element-169cc15\" data-id=\"169cc15\" data-element_type=\"column\" data-e-type=\"column\">\n\t\t\t<div class=\"elementor-widget-wrap elementor-element-populated\">\n\t\t\t\t\t\t<div class=\"elementor-element elementor-element-7b7af5d elementor-align-center elementor-widget__width-inherit elementor-widget elementor-widget-button\" data-id=\"7b7af5d\" data-element_type=\"widget\" data-e-type=\"widget\" data-widget_type=\"button.default\">\n\t\t\t\t<div class=\"elementor-widget-container\">\n\t\t\t\t\t\t\t\t\t<div class=\"elementor-button-wrapper\">\n\t\t\t\t\t<a class=\"elementor-button elementor-button-link elementor-size-md\" href=\"https:\/\/albatroszkemping.hu\/en\/\">\n\t\t\t\t\t\t<span class=\"elementor-button-content-wrapper\">\n\t\t\t\t\t\t<span class=\"elementor-button-icon\">\n\t\t\t\t<i aria-hidden=\"true\" class=\"fas fa-play\"><\/i>\t\t\t<\/span>\n\t\t\t\t\t\t\t\t\t<span class=\"elementor-button-text\">Visszat\u00e9r\u00e9s kezd\u0151lapunkra<\/span>\n\t\t\t\t\t<\/span>\n\t\t\t\t\t<\/a>\n\t\t\t\t<\/div>\n\t\t\t\t\t\t\t\t<\/div>\n\t\t\t\t<\/div>\n\t\t\t\t\t<\/div>\n\t\t<\/div>\n\t\t\t\t\t<\/div>\n\t\t<\/section>\n\t\t\t\t<\/div>","protected":false},"excerpt":{"rendered":"<p>A kit\u00f6lt\u00f6tt \u0171rlapod m\u00e1r meg is \u00e9rkezett hozz\u00e1nk. K\u00e9rlek n\u00e9zd meg a be\u00e9rkez\u0151 \u00fczeneteidet. Ha helyesen adtad meg a c\u00edmedet, az el\u0151bb megadott inform\u00e1ci\u00f3kr\u00f3l Te is kapt\u00e1l egy m\u00e1solatot, \u00edgy ott ak\u00e1r ellen\u0151rizheted is m\u00e9g egyszer a r\u00e9szleteket. Koll\u00e9g\u00e1ink v\u00e1rhat\u00f3an m\u00e9g a mai napon, de legk\u00e9s\u0151bb 2 napon bel\u00fcl jelentkeznek a megadott el\u00e9rhet\u0151s\u00e9geid egyik\u00e9n, \u00e9s [&hellip;]<\/p>","protected":false},"author":1,"featured_media":0,"parent":0,"menu_order":0,"comment_status":"closed","ping_status":"closed","template":"","meta":{"om_disable_all_campaigns":false,"footnotes":""},"class_list":["post-935","page","type-page","status-publish","hentry","entry"],"_links":{"self":[{"href":"https:\/\/albatroszkemping.hu\/en\/wp-json\/wp\/v2\/pages\/935","targetHints":{"allow":["GET"]}}],"collection":[{"href":"https:\/\/albatroszkemping.hu\/en\/wp-json\/wp\/v2\/pages"}],"about":[{"href":"https:\/\/albatroszkemping.hu\/en\/wp-json\/wp\/v2\/types\/page"}],"author":[{"embeddable":true,"href":"https:\/\/albatroszkemping.hu\/en\/wp-json\/wp\/v2\/users\/1"}],"replies":[{"embeddable":true,"href":"https:\/\/albatroszkemping.hu\/en\/wp-json\/wp\/v2\/comments?post=935"}],"version-history":[{"count":4,"href":"https:\/\/albatroszkemping.hu\/en\/wp-json\/wp\/v2\/pages\/935\/revisions"}],"predecessor-version":[{"id":939,"href":"https:\/\/albatroszkemping.hu\/en\/wp-json\/wp\/v2\/pages\/935\/revisions\/939"}],"wp:attachment":[{"href":"https:\/\/albatroszkemping.hu\/en\/wp-json\/wp\/v2\/media?parent=935"}],"curies":[{"name":"wp","href":"https:\/\/api.w.org\/{rel}","templated":true}]}}